{"id":5,"date":"2011-09-03T21:06:17","date_gmt":"2011-09-03T19:06:17","guid":{"rendered":"http:\/\/localhost\/lcbg_wp\/?page_id=5"},"modified":"2015-11-22T10:57:24","modified_gmt":"2015-11-22T09:57:24","slug":"konyveles","status":"publish","type":"page","link":"https:\/\/www.lcbg.hu\/en\/konyveles\/","title":{"rendered":"K\u00f6nyvel\u00e9s"},"content":{"rendered":"<p><strong>All-inclusive professzion\u00e1lis k\u00f6nyvel\u00e9s<\/strong><\/p>\n","protected":false},"excerpt":{"rendered":"<p>All-inclusive professzion\u00e1lis k\u00f6nyvel\u00e9s<\/p>\n","protected":false},"author":1,"featured_media":0,"parent":0,"menu_order":3,"comment_status":"closed","ping_status":"closed","template":"","meta":{"_monsterinsights_skip_tracking":false,"_monsterinsights_sitenote_active":false,"_monsterinsights_sitenote_note":"","_monsterinsights_sitenote_category":0,"footnotes":"","_links_to":"","_links_to_target":""},"_links":{"self":[{"href":"https:\/\/www.lcbg.hu\/en\/wp-json\/wp\/v2\/pages\/5"}],"collection":[{"href":"https:\/\/www.lcbg.hu\/en\/wp-json\/wp\/v2\/pages"}],"about":[{"href":"https:\/\/www.lcbg.hu\/en\/wp-json\/wp\/v2\/types\/page"}],"author":[{"embeddable":true,"href":"https:\/\/www.lcbg.hu\/en\/wp-json\/wp\/v2\/users\/1"}],"replies":[{"embeddable":true,"href":"https:\/\/www.lcbg.hu\/en\/wp-json\/wp\/v2\/comments?post=5"}],"version-history":[{"count":37,"href":"https:\/\/www.lcbg.hu\/en\/wp-json\/wp\/v2\/pages\/5\/revisions"}],"predecessor-version":[{"id":434,"href":"https:\/\/www.lcbg.hu\/en\/wp-json\/wp\/v2\/pages\/5\/revisions\/434"}],"wp:attachment":[{"href":"https:\/\/www.lcbg.hu\/en\/wp-json\/wp\/v2\/media?parent=5"}],"curies":[{"name":"wp","href":"https:\/\/api.w.org\/{rel}","templated":true}]}}