{"id":12,"date":"2011-09-07T21:45:39","date_gmt":"2011-09-07T19:45:39","guid":{"rendered":"http:\/\/localhost\/lcbg_wp\/?page_id=12"},"modified":"2015-11-22T11:58:31","modified_gmt":"2015-11-22T10:58:31","slug":"kapcsolat","status":"publish","type":"page","link":"https:\/\/www.lcbg.hu\/zh\/kapcsolat\/","title":{"rendered":"Kapcsolat"},"content":{"rendered":"<table width=\"584\" border=\"0\" cellpadding=\"0\">\n<tbody>\n<tr>\n<td valign=\"top\"><strong>Iroda c\u00edme:<\/strong><\/td>\n<td><strong>Modusz Irodah\u00e1z<\/strong><br \/>\nH-1087 Budapest, K\u00f6nyves K\u00e1lm\u00e1n krt. 76.<br \/>\n<\/tr>\n<tr>\n<td> <strong>Tel.:<\/strong><\/td>\n<td><strong>+36 (1) 323-0758,<br \/>\n<\/strong><\/td>\n<td><\/td>\n<\/tr>\n<tr>\n<td><strong>Fax:<\/strong><\/td>\n<td><strong>+36 (1) 210-0785<br \/>\n<\/strong><\/td>\n<td><\/td>\n<\/tr>\n<tr>\n<td><strong>K\u00f6zponti e-mail:<\/strong><\/td>\n<td><strong><a href=\"mailto:info@lcbg.hu\">info@lcbg.hu<\/a><br \/>\n<\/strong><\/td>\n<td><\/td>\n<\/tr>\n<\/tbody>\n<\/table>\n<p><iframe loading=\"lazy\" src=\"http:\/\/maps.google.com\/maps?f=q&amp;source=s_q&amp;hl=hu&amp;geocode=&amp;q=Budapest,+K%C3%B6nyves+K%C3%A1lm%C3%A1n+krt.+76.&amp;aq=&amp;sll=37.0625,-95.677068&amp;sspn=30.185946,79.013672&amp;vpsrc=0&amp;ie=UTF8&amp;hq=&amp;hnear=Budapest,+VIII.+ker%C3%BClet,+K%C3%B6nyves+K%C3%A1lm%C3%A1n+k%C3%B6r%C3%BAt+76,+Magyarorsz%C3%A1g&amp;t=h&amp;z=14&amp;iwloc=A&amp;output=embed\" frameborder=\"0\" marginwidth=\"0\" marginheight=\"0\" scrolling=\"no\" width=\"425\" height=\"350\"><\/iframe><br \/>\n<small><a style=\"color: #0000ff; text-align: left;\" href=\"http:\/\/maps.google.com\/maps?f=q&amp;source=embed&amp;hl=hu&amp;geocode=&amp;q=Budapest,+K%C3%B6nyves+K%C3%A1lm%C3%A1n+krt.+76.&amp;aq=&amp;sll=37.0625,-95.677068&amp;sspn=30.185946,79.013672&amp;vpsrc=0&amp;ie=UTF8&amp;hq=&amp;hnear=Budapest,+VIII.+ker%C3%BClet,+K%C3%B6nyves+K%C3%A1lm%C3%A1n+k%C3%B6r%C3%BAt+76,+Magyarorsz%C3%A1g&amp;t=h&amp;z=14&amp;iwloc=A\">Nagyobb t\u00e9rk\u00e9pre v\u00e1lt\u00e1s<\/a><\/small><br \/>\n\n<div class=\"wpcf7 no-js\" id=\"wpcf7-f40-o1\" lang=\"\" dir=\"ltr\">\n<div class=\"screen-reader-response\"><p role=\"status\" aria-live=\"polite\" aria-atomic=\"true\"><\/p> <ul><\/ul><\/div>\n<form action=\"\/wp-json\/wp\/v2\/pages\/12#wpcf7-f40-o1\" method=\"post\" class=\"wpcf7-form init\" aria-label=\"Contact form\" novalidate=\"novalidate\" data-status=\"init\">\n<div style=\"display: none;\">\n<input type=\"hidden\" name=\"_wpcf7\" value=\"40\" \/>\n<input type=\"hidden\" name=\"_wpcf7_version\" value=\"5.8.5\" \/>\n<input type=\"hidden\" name=\"_wpcf7_locale\" value=\"\" \/>\n<input type=\"hidden\" name=\"_wpcf7_unit_tag\" value=\"wpcf7-f40-o1\" \/>\n<input type=\"hidden\" name=\"_wpcf7_container_post\" value=\"0\" \/>\n<input type=\"hidden\" name=\"_wpcf7_posted_data_hash\" value=\"\" \/>\n<\/div>\n<p>Neve (k\u00f6telez\u0151)\n<\/p>\n<p><span class=\"wpcf7-form-control-wrap\" data-name=\"your-name\"><input size=\"40\" class=\"wpcf7-form-control wpcf7-text wpcf7-validates-as-required\" aria-required=\"true\" aria-invalid=\"false\" value=\"\" type=\"text\" name=\"your-name\" \/><\/span>\n<\/p>\n<p>Email (k\u00f6telez\u0151)\n<\/p>\n<p><span class=\"wpcf7-form-control-wrap\" data-name=\"your-email\"><input size=\"40\" class=\"wpcf7-form-control wpcf7-email wpcf7-validates-as-required wpcf7-text wpcf7-validates-as-email\" aria-required=\"true\" aria-invalid=\"false\" value=\"\" type=\"email\" name=\"your-email\" \/><\/span>\n<\/p>\n<p>T\u00e1rgy\n<\/p>\n<p><span class=\"wpcf7-form-control-wrap\" data-name=\"your-subject\"><input size=\"40\" class=\"wpcf7-form-control wpcf7-text\" aria-invalid=\"false\" value=\"\" type=\"text\" name=\"your-subject\" \/><\/span>\n<\/p>\n<p>R\u00f6vid adatk\u00f6zl\u00e9s\n<\/p>\n<p><span class=\"wpcf7-form-control-wrap\" data-name=\"your-message\"><textarea cols=\"40\" rows=\"10\" class=\"wpcf7-form-control wpcf7-textarea\" aria-invalid=\"false\" name=\"your-message\"><\/textarea><\/span>\n<\/p>\n<p><input type=\"hidden\" name=\"_wpcf7_captcha_challenge_captcha-680\" value=\"2505267193\" \/><img loading=\"lazy\" decoding=\"async\" class=\"wpcf7-form-control wpcf7-captchac wpcf7-captcha-captcha-680\" width=\"72\" height=\"24\" alt=\"captcha\" src=\"https:\/\/www.lcbg.hu\/wp-content\/uploads\/wpcf7_captcha\/2505267193.png\" \/><br \/>\n<span class=\"wpcf7-form-control-wrap\" data-name=\"captcha-680\"><input size=\"40\" class=\"wpcf7-form-control wpcf7-captchar\" autocomplete=\"off\" aria-invalid=\"false\" value=\"\" type=\"text\" name=\"captcha-680\" \/><\/span>\n<\/p>\n<p><input class=\"wpcf7-form-control wpcf7-submit has-spinner\" type=\"submit\" value=\"K\u00fcld\u00e9s\" \/>\n<\/p><p style=\"display: none !important;\"><label>&#916;<textarea name=\"_wpcf7_ak_hp_textarea\" cols=\"45\" rows=\"8\" maxlength=\"100\"><\/textarea><\/label><input type=\"hidden\" id=\"ak_js_1\" name=\"_wpcf7_ak_js\" value=\"210\"\/><script>document.getElementById( \"ak_js_1\" ).setAttribute( \"value\", ( new Date() ).getTime() );<\/script><\/p><div class=\"wpcf7-response-output\" aria-hidden=\"true\"><\/div>\n<\/form>\n<\/div>\n<\/p>\n","protected":false},"excerpt":{"rendered":"<p>Iroda c\u00edme: Modusz Irodah\u00e1z H-1087 Budap &hellip; <a href=\"https:\/\/www.lcbg.hu\/zh\/kapcsolat\/\">\u7ee7\u7eed\u9605\u8bfb <span class=\"meta-nav\">&rarr;<\/span><\/a><\/p>\n","protected":false},"author":1,"featured_media":67,"parent":0,"menu_order":8,"comment_status":"closed","ping_status":"closed","template":"sidebar-page.php","meta":{"_monsterinsights_skip_tracking":false,"_monsterinsights_sitenote_active":false,"_monsterinsights_sitenote_note":"","_monsterinsights_sitenote_category":0,"footnotes":"","_links_to":"","_links_to_target":""},"_links":{"self":[{"href":"https:\/\/www.lcbg.hu\/zh\/wp-json\/wp\/v2\/pages\/12"}],"collection":[{"href":"https:\/\/www.lcbg.hu\/zh\/wp-json\/wp\/v2\/pages"}],"about":[{"href":"https:\/\/www.lcbg.hu\/zh\/wp-json\/wp\/v2\/types\/page"}],"author":[{"embeddable":true,"href":"https:\/\/www.lcbg.hu\/zh\/wp-json\/wp\/v2\/users\/1"}],"replies":[{"embeddable":true,"href":"https:\/\/www.lcbg.hu\/zh\/wp-json\/wp\/v2\/comments?post=12"}],"version-history":[{"count":43,"href":"https:\/\/www.lcbg.hu\/zh\/wp-json\/wp\/v2\/pages\/12\/revisions"}],"predecessor-version":[{"id":447,"href":"https:\/\/www.lcbg.hu\/zh\/wp-json\/wp\/v2\/pages\/12\/revisions\/447"}],"wp:featuredmedia":[{"embeddable":true,"href":"https:\/\/www.lcbg.hu\/zh\/wp-json\/wp\/v2\/media\/67"}],"wp:attachment":[{"href":"https:\/\/www.lcbg.hu\/zh\/wp-json\/wp\/v2\/media?parent=12"}],"curies":[{"name":"wp","href":"https:\/\/api.w.org\/{rel}","templated":true}]}}