{"id":2,"date":"2011-09-03T20:59:43","date_gmt":"2011-09-03T18:59:43","guid":{"rendered":"http:\/\/localhost\/lcbg_wp\/?page_id=2"},"modified":"2015-11-22T11:17:30","modified_gmt":"2015-11-22T10:17:30","slug":"cegalapitas","status":"publish","type":"page","link":"https:\/\/www.lcbg.hu\/zh\/cegalapitas\/","title":{"rendered":"C\u00e9galap\u00edt\u00e1s"},"content":{"rendered":"<p><strong>Alapos \u00e9s rugalmas elj\u00e1r\u00e1s 24 \u00f3ra alatt<\/strong> <\/p>\n<p>\u2022 24 \u00f3ra alatt m\u0171k\u00f6d\u0151 k\u00e9pes c\u00e9g<br \/>\n\u2022 Nem sz\u00fcks\u00e9ges t\u00f6rzst\u0151ke befizet\u00e9se<br \/>\n\u2022 Sz\u00fcks\u00e9ges iratok: szem\u00e9lyigazolv\u00e1ny, lakc\u00edmk\u00e1rtya<br \/>\n\u2022 Id\u0151megtakar\u00edt\u00e1s c\u00e9lj\u00e1b\u00f3l praktikus csomagokban is megrendelheti a c\u00e9galap\u00edt\u00e1st<\/p>\n","protected":false},"excerpt":{"rendered":"<p>Alapos \u00e9s rugalmas elj\u00e1r\u00e1s 24 \u00f3ra alatt  &hellip; <a href=\"https:\/\/www.lcbg.hu\/zh\/cegalapitas\/\">\u7ee7\u7eed\u9605\u8bfb <span class=\"meta-nav\">&rarr;<\/span><\/a><\/p>\n","protected":false},"author":1,"featured_media":0,"parent":0,"menu_order":4,"comment_status":"closed","ping_status":"closed","template":"","meta":{"_monsterinsights_skip_tracking":false,"_monsterinsights_sitenote_active":false,"_monsterinsights_sitenote_note":"","_monsterinsights_sitenote_category":0,"footnotes":"","_links_to":"","_links_to_target":""},"_links":{"self":[{"href":"https:\/\/www.lcbg.hu\/zh\/wp-json\/wp\/v2\/pages\/2"}],"collection":[{"href":"https:\/\/www.lcbg.hu\/zh\/wp-json\/wp\/v2\/pages"}],"about":[{"href":"https:\/\/www.lcbg.hu\/zh\/wp-json\/wp\/v2\/types\/page"}],"author":[{"embeddable":true,"href":"https:\/\/www.lcbg.hu\/zh\/wp-json\/wp\/v2\/users\/1"}],"replies":[{"embeddable":true,"href":"https:\/\/www.lcbg.hu\/zh\/wp-json\/wp\/v2\/comments?post=2"}],"version-history":[{"count":18,"href":"https:\/\/www.lcbg.hu\/zh\/wp-json\/wp\/v2\/pages\/2\/revisions"}],"predecessor-version":[{"id":438,"href":"https:\/\/www.lcbg.hu\/zh\/wp-json\/wp\/v2\/pages\/2\/revisions\/438"}],"wp:attachment":[{"href":"https:\/\/www.lcbg.hu\/zh\/wp-json\/wp\/v2\/media?parent=2"}],"curies":[{"name":"wp","href":"https:\/\/api.w.org\/{rel}","templated":true}]}}